{"id":465,"date":"2021-04-26T22:11:03","date_gmt":"2021-04-26T14:11:03","guid":{"rendered":"https:\/\/bak.unsrat.ac.id\/\/?page_id=465"},"modified":"2021-04-26T22:11:03","modified_gmt":"2021-04-26T14:11:03","slug":"event-kalender","status":"publish","type":"page","link":"https:\/\/bak.unsrat.ac.id\/?page_id=465","title":{"rendered":"Event\/Kalender"},"content":{"rendered":"<p>[vc_row][vc_column]\r\n          <div id=\"calendar-box\" class=\" cactus-calendar-event \"> \r\n          <style type=\"text\/css\">\r\n\t\t  #main-nav .main-menu.affix{ z-index:9999}\r\n\t\t  <\/style>          \t  \r\n              <div class=\"header-content\">\r\n                  <button class=\"btn btn-primary\" data-calendar-nav=\"prev\"><i class=\"fa fa-chevron-left\"><\/i><\/button>\r\n                  <h3><\/h3>          \r\n                  <button class=\"btn btn-primary\" data-calendar-nav=\"next\"><i class=\"fa fa-chevron-right\"><\/i><\/button>\r\n              <\/div>\r\n              <div id=\"stm-calendar-id\"><\/div>\r\n              <input type=\"hidden\" id=\"check-id-carousel\" value=\"-1\"> <!--Gi\u00e1 tr\u1ecb ban \u0111\u1ea7u b\u1eb1ng -1 \u0111\u00edch \u0111\u1ebfn khi ch\u1ecdn event -> s\u1ebd t\u1edbi slide carousel-->\r\n              <input type=\"hidden\" id=\"check-event-slidedown\" value=\"0\"> <!--Gi\u00e1 tr\u1ecb ban \u0111\u1ea7u b\u1eb1ng 0 \/ b\u1eb1ng 0 cho m\u1edf carousel \/ 1 t\u1eaft-->\r\n              <input type=\"hidden\" id=\"check-event-slidedown-1\" value=\"0\"> <!--Gi\u00e1 tr\u1ecb ban \u0111\u1ea7u b\u1eb1ng 0 \/ ng\u00e0y th\u00e1ng khi click m\u1edf carousel-->\r\n              <input type=\"hidden\" id=\"check-monthdata\" value=\"2026-04-14\">\r\n\t\t\t  <input type=\"hidden\" id=\"month-url\" value=\"https:\/\/bak.unsrat.ac.id\/wp-content\/plugins\/u-shortcodes\/shortcodes\/monthview\/\"> \t\r\n              <input type=\"hidden\" id=\"check-jsondata\" value=\"https:\/\/bak.unsrat.ac.id\/wp-admin\/admin-ajax.php\">\r\n              <input type=\"hidden\" id=\"action_data\" value=\"1\">\r\n              <input type=\"hidden\" id=\"action_post_type\" value=\"\">\r\n              <input type=\"hidden\" id=\"action_cat\" value=\"\">\r\n              <input type=\"hidden\" id=\"action_tag\" value=\"\">\r\n              <input type=\"hidden\" id=\"action_exclude\" value=\"\">\r\n              <input type=\"hidden\" id=\"action_ignore\" value=\"\">\r\n              <input type=\"hidden\" id=\"action_dt_stt\" value=\"none\">\r\n                            <input type=\"hidden\" id=\"action_language\" value=\"\">\r\n              <div id=\"calendar-loading\">\r\n              \t<div class=\"windows8\">\r\n                    <div class=\"wBall\" id=\"wBall_1\">\r\n                        <div class=\"wInnerBall\"><\/div>\r\n                    <\/div>\r\n                    <div class=\"wBall\" id=\"wBall_2\">\r\n                        <div class=\"wInnerBall\"><\/div>\r\n                    <\/div>\r\n                    <div class=\"wBall\" id=\"wBall_3\">\r\n                        <div class=\"wInnerBall\"><\/div>\r\n                    <\/div>\r\n                    <div class=\"wBall\" id=\"wBall_4\">\r\n                        <div class=\"wInnerBall\"><\/div>\r\n                    <\/div>\r\n                    <div class=\"wBall\" id=\"wBall_5\">\r\n                        <div class=\"wInnerBall\"><\/div>\r\n                    <\/div>\r\n                <\/div>\r\n              <\/div>\r\n          <\/div> \r\n      \t<!--Khung ch\u1ee9a b\u1ea3ng ng\u00e0y th\u00e1ng-->\r\n        \r\n        <!--Thanh \u0111i\u1ec1u h\u01b0\u1edbng, c\u00f3 th\u1ec3 b\u1ecf \u0111i m\u00e0 ko g\u00e2y l\u1ed7i cho c\u00e1c khung tr\u00ean-->        \r\n          <div id=\"calendar-options\">\r\n              <div class=\"left-options\">\r\n                <a href=\"javascript:;\" class=\"active\" id=\"monthview-calendar\">Tampilan Kalender<\/a> &nbsp; | &nbsp; <a href=\"javascript:;\" id=\"listview-calendar\">Tampilan Daftar<\/a>\r\n              <\/div>\r\n              <div class=\"right-options\" style=\"display:none\">\r\n                <ul>\r\n                    <li><a href=\"javascript:;\">All Speakers <i class=\"fa fa-angle-down\"><\/i><\/a> &nbsp; &nbsp;| \r\n                        <ul>\r\n                            <li><a href=\"javascript:;\">Test test test test<\/a><\/li>\r\n                            <li><a href=\"javascript:;\">Test test test test<\/a><\/li>\r\n                            <li><a href=\"javascript:;\">Test test test test<\/a><\/li>\r\n                            <li><a href=\"javascript:;\">Test test test test<\/a><\/li>\r\n                            <li><a href=\"javascript:;\">Test test test test<\/a><\/li>\r\n                            <li><a href=\"javascript:;\">Test test test test<\/a><\/li>\r\n                        <\/ul>\r\n                    <\/li>\r\n                    <li> &nbsp; &nbsp; <a href=\"javascript:;\">All Location <i class=\"fa fa-angle-down\"><\/i><\/a>\r\n                        <ul>\r\n                            <li><a href=\"javascript:;\">Test test test test<\/a><\/li>\r\n                            <li><a href=\"javascript:;\">Test test test test<\/a><\/li>\r\n                            <li><a href=\"javascript:;\">Test test test test<\/a><\/li>\r\n                            <li><a href=\"javascript:;\">Test test test test<\/a><\/li>\r\n                            <li><a href=\"javascript:;\">Test test test test<\/a><\/li>\r\n                            <li><a href=\"javascript:;\">Test test test test<\/a><\/li>\r\n                        <\/ul>\r\n                    <\/li>\r\n                <\/ul>\r\n              <\/div>\r\n          <\/div>\r\n      \t<!--Thanh \u0111i\u1ec1u h\u01b0\u1edbng-->\r\n    [\/vc_column][\/vc_row]<\/p>\n","protected":false},"excerpt":{"rendered":"<p>[vc_row][vc_column][\/vc_column][\/vc_row]<\/p>\n","protected":false},"author":1,"featured_media":0,"parent":0,"menu_order":0,"comment_status":"closed","ping_status":"closed","template":"","meta":{"footnotes":""},"class_list":["post-465","page","type-page","status-publish","hentry"],"_links":{"self":[{"href":"https:\/\/bak.unsrat.ac.id\/index.php?rest_route=\/wp\/v2\/pages\/465","targetHints":{"allow":["GET"]}}],"collection":[{"href":"https:\/\/bak.unsrat.ac.id\/index.php?rest_route=\/wp\/v2\/pages"}],"about":[{"href":"https:\/\/bak.unsrat.ac.id\/index.php?rest_route=\/wp\/v2\/types\/page"}],"author":[{"embeddable":true,"href":"https:\/\/bak.unsrat.ac.id\/index.php?rest_route=\/wp\/v2\/users\/1"}],"replies":[{"embeddable":true,"href":"https:\/\/bak.unsrat.ac.id\/index.php?rest_route=%2Fwp%2Fv2%2Fcomments&post=465"}],"version-history":[{"count":0,"href":"https:\/\/bak.unsrat.ac.id\/index.php?rest_route=\/wp\/v2\/pages\/465\/revisions"}],"wp:attachment":[{"href":"https:\/\/bak.unsrat.ac.id\/index.php?rest_route=%2Fwp%2Fv2%2Fmedia&parent=465"}],"curies":[{"name":"wp","href":"https:\/\/api.w.org\/{rel}","templated":true}]}}